{"id":4,"date":"2007-05-17T05:38:09","date_gmt":"2007-05-17T03:38:09","guid":{"rendered":"http:\/\/wysocka.info\/o-mnie"},"modified":"2010-04-13T15:00:28","modified_gmt":"2010-04-13T14:00:28","slug":"o-mnie","status":"publish","type":"page","link":"https:\/\/wysocka.info\/en\/o-mnie\/","title":{"rendered":"O mnie"},"content":{"rendered":"<p><a href=\"http:\/\/wysocka.info\/wp-content\/uploads\/2007\/06\/foto-7-400.jpg\" title=\"Magdalena Wysocka\"><img decoding=\"async\" src=\"http:\/\/wysocka.info\/wp-content\/uploads\/2007\/06\/foto-7-400.jpg\" alt=\"Magdalena Wysocka\" title=\"Magdalena Wysocka\" align=\"right\" \/><\/a>W internecie u\u017cywam nicku <font color=\"#78ac03\"><strong>magbag<\/strong><\/font>.<br \/>\nImi? &#8211; <strong><font color=\"#78ac03\">Magdalena<\/font><\/strong><br \/>\nNazwisko &#8211; <strong><font color=\"#78ac03\">Wysocka<\/font><\/strong><br \/>\nNIP, PESEL tudzie\u017c inne dane &#8211; udost\u0119pniane na \u017c\u0105danie upowa\u017cnionych organ\u00f3w<\/p>\n<p>Jestem jaka jestem &#8211; i prawdopodobnie ten stan rzeczy nie ulegnie zmianie.<br \/>\nPo \u015bwiecie pa\u0142\u0119tam si\u0119 ju\u017c dosy\u0107 d\u0142ugo &#8211; konsekwentnie pope\u0142niaj\u0105c te same b\u0142\u0119dy wbrew zasadzie m\u0105dry Polak po szkodzie. To nie jedyna rysa na moim wizerunku przedstawicielki narodu polskiego. Nie marudz\u0119 na z\u0142y los, nie narzekam na ci\u0119\u017ckie czasy &#8211; nie szukam winnych, gdy si\u0119 potkn\u0119. Na klasyczne pytanie &#8211; co u Ciebie s\u0142ycha\u0107? &#8211; nie odpowiadam tyrad\u0105 zawieraj\u0105c\u0105 opis ostatnio przebytych chor\u00f3b, osobistych nieszcz\u0119\u015b\u0107, fatalnej pogody, kiepskiego nastroju&#8230; &#8211; zwykle ograniczam si\u0119 do zwi\u0119z\u0142ej odpowiedzi &#8211; wszystko w porz\u0105dku.<br \/>\nKomputerami zainteresowa\u0142am si\u0119 maj\u0105c 25 lat &#8211; wcze\u015bniej wiedzia\u0142am jedynie, \u017ce takie co\u015b istnieje. Zabaw\u0119 z komputerami rozpocz\u0119\u0142am od sprawdzenia odporno\u015bci pewnego staruszka &#8211; PC&#8217;ta z Windows 3.11 &#8211; na &#8222;autoszkolenie&#8221; metod\u0105 pr\u00f3b i b\u0142\u0119d\u00f3w. Potem zosta\u0142am dumn\u0105 posiadaczk\u0105 w\u0142asnego komputera &#8211; by\u0142 to r\u00f3wnie\u017c PC&#8217;et &#8211; procesor 350Mh, Windows 98, karta graficzna 16 Mb \ud83d\ude00 . Nadal pracuj\u0119 na tym blaszaku &#8211; cho\u0107 oczywi\u015bcie wn\u0119trzno\u015bci ma teraz zupe\u0142nie inne.<br \/>\nKomputery zainteresowa\u0142y mnie przede wszystkim jako narz\u0119dzie graficzne. Przy czym &#8211; na starcie s\u0105dzi\u0142am, i\u017c jedynym programem do tworzenia grafiki jest&#8230; World \ud83d\ude00 . Oczywi\u015bcie efekty pr\u00f3b tworzenia grafiki przy pomocy Worda musia\u0142y by\u0107 niezwykle fascynuj\u0105ce, ale wtedy by\u0142am bardzo dumna z ka\u017cdego &#8222;dzie\u0142a&#8221;. A kilka lat p\u00f3\u017aniej marudzi\u0142am na dziwnych ludzi, kt\u00f3rzy loga do publikacji dostarczali w wordowym formacie.<br \/>\nZaliczy\u0142am tak\u017ce mani\u0119 grania &#8211; cho\u0107 na pocz\u0105tku uwa\u017ca\u0142am, \u017ce wykorzystywanie komputera do gier jest bezsensown\u0105 strat\u0105 czasu. Jednak wci\u0105gn\u0119\u0142o mnie granie &#8211; i przez kilkana\u015bcie miesi\u0119cy &#8222;zarywa\u0142am&#8221; noce uparcie walcz\u0105c z potworami w grach RPG, tudzie\u017c buduj\u0105c \u015bwietlan\u0105 przysz\u0142o\u015b\u0107 mieszka\u0144c\u00f3w Sim City, wzorcowe zoo, super skuteczn\u0105 dru\u017cyn\u0119 pi\u0142karsk\u0105, czy dochodowe weso\u0142e miasteczko.<br \/>\nNa szcz\u0119\u015bcie mania grania znikn\u0119\u0142a r\u00f3wnie niespodziewanie, jak si\u0119 pojawi\u0142a (czasem powraca jako drobny przerywnik). Aby zapobiec skutkom zbyt gwa\u0142townego zerwania z na\u0142ogiem &#8211; zastosowa\u0142am metod\u0119 klin klinem &#8211; i wpad\u0142am w otch\u0142a\u0144 zwan\u0105 Internet. Z tej otch\u0142ani nie wydoby\u0142am si\u0119 do dzisiaj, a dla poprawy samopoczucia codziennie powtarzam sobie &#8211; to jeszcze nie jest na\u0142\u00f3g.<br \/>\nFakt &#8211; od komputera i internetu odrywam si\u0119 niech\u0119tnie &#8211; ale np. na wakacjach nie miewam objaw\u00f3w odstawienia, i nie rzucam si\u0119 z krzykiem na ka\u017cdy napotkany komputer. Cho\u0107 jak twierdz\u0105 fachowcy od na\u0142og\u00f3w &#8211; ka\u017cdy na\u0142ogowiec twierdzi, i\u017c nie jest uzale\u017cniony \ud83d\ude09 .<br \/>\nPoza komputerami i internetem mam na szcz\u0119\u015bcie tak\u017ce inne pasje &#8211; film, teatr (z wykszta\u0142cenia jestem teatrologiem), muzyka, podr\u00f3\u017ce, ksi\u0105\u017cki, aktorstwo, fotografia, sport (g\u0142\u00f3wnie w roli kibica), re\u017cyseria, zwierz\u0119ta (poza pe\u0142zaj\u0105cymi), dekoracja wn\u0119trz.<br \/>\nJako nastolatka by\u0142am maniakaln\u0105 kolekcjonerk\u0105 &#8211; zbiera\u0142am wszystko co wpad\u0142o w moje r\u0119ce &#8211; poczt\u00f3wki, znaczki, puszki, temper\u00f3wki, plakaty, magazyny filmowe, \u015bwi\u0119te obrazki, naklejki &#8230; . Po tej manii pozosta\u0142y mi zakurzone zbiory w rodzinnym domu i &#8211; jako odprysk &#8211; zbieranie mouspad&#8217;\u00f3w \ud83d\ude09 .<br \/>\nZ zasady nie prowadz\u0119 dyskusji o modzie, gotowaniu, kosmetykach i.t.p. pono\u0107 typowo kobiecych tematach, kt\u00f3re uwa\u017cam za wyj\u0105tkowo &#8222;nieatrakcyjne konwersacyjnie&#8221;. Nie lubi\u0119 o tym rozmawia\u0107 &#8211; ale lubi\u0119 gotowa\u0107 (gdy mam kulinarn\u0105 wen\u0119), kupowa\u0107 ubrania i dobre kosmetyki (od czasu do czasu). &#8222;Babska&#8221; strona mojej natury ujawnia si\u0119 tak\u017ce czasami sk\u0142onno\u015bci\u0105 do plotkowania. Poza tym z wiekiem robi\u0119 si\u0119 coraz bardziej sentymentalna.<\/p>\n<hr \/>\n<h2>Chaotyczny kwestionariusz personalny<\/h2>\n<p><strong><font color=\"#78ac03\">Nie lubi\u0119<\/font><\/strong>: nietolerancji, braku szacunku, fa\u0142szu, horror\u00f3w, napastliwo\u015bci, g\u0142upiej z\u0142o\u015bliwo\u015bci (w przeciwie\u0144stwie do inteligentnej z\u0142o\u015bliwo\u015bci, kt\u00f3r\u0105 lubi\u0119 bardzo), m\u015bciwo\u015bci, zazdro\u015bci, bezsilno\u015bci, egzaltacji, zmywania, agresji, pozerstwa, tandety (za to bywam fank\u0105 kiczu)<\/p>\n<p><strong><font color=\"#78ac03\">Autoportret krytyczny<\/font><\/strong>: jestem roztrzepan\u0105 ba\u0142aganiar\u0105, cierpi\u0119 na chroniczny brak podzielno\u015bci uwagi, bywam dra\u017cni\u0105co uparta (w wersji konsekwencja up\u00f3r przydaje si\u0119), wykazuj\u0119 mentorskie sk\u0142onno\u015bci, brakuje mi przebojowo\u015bci, miewam &#8222;s\u0142omiany zapa\u0142&#8221;, hu\u015btawki nastroj\u00f3w, m\u0119czy mnie niezdecydowanie (nie wyst\u0119puje, gdy podejmuj\u0119 decyzj\u0119 szybko), mam wybitn\u0105 zdolno\u015b\u0107 do tracenia czasu na rzeczy bzdurne. Niezmiennie staram si\u0119 walczy\u0107 z wymienionymi przypad\u0142o\u015bciami &#8211; i mimo ca\u0142ej listy wad nie mam kompleks\u00f3w.<\/p>\n<p><strong><font color=\"#78ac03\">Artystyczne inspiracje:<\/font><\/strong> gotyk, barok, rokoko, secesja, impresjonizm, eklektyzm, art-deco<\/p>\n<p><strong><font color=\"#78ac03\">M\u00f3j Panteon:<\/font><\/strong> Stanis\u0142aw Wyspia\u0144ski, W\u0142adys\u0142aw Podkowi\u0144ski, J\u00f3zef Mehoffer, Jacek Malczewski, Amadeo Modigliani, Alfons Mucha, Gustaw Klimt, Henri de Toulouse-Lautrec, Paul C\u00e9zanne, Salvador Dali, Edgar Degas, Claude Monet, Antoni Gaud\u00ed, Henry Cl\u00e9ment van de Velde, Juliusz S\u0142owacki, Cyprian Kamil Norwid, Aleksander Fredro, Krzysztof Kamil Baczy\u0144ski, Marek H\u0142asko, Andrzej Bursa, Erich Maria Remarque, Bertolt Brecht, Tadeusz Boy-\u017bele\u0144ski, Melchior Wa\u0144kowicz, Leopold Staff, Konstanty Ildefons Ga\u0142czy\u0144ski, Boles\u0142aw Le\u015bmian, Kurt Vonnegut<br \/>\nTym kwestionariuszem wkroczy\u0142am z lekka w stref\u0119 &#8222;blogaskow\u0105&#8221; \ud83d\ude00 .<\/p>\n<p>c.d.n.<\/p>\n<hr \/>\n<p><object id=\"Player_564ba47f-42f6-4362-9b8a-a6dc5e9fbe09\" codebase=\"http:\/\/fpdownload.macromedia.com\/get\/flashplayer\/current\/swflash.cab\" classid=\"clsid:D27CDB6E-AE6D-11cf-96B8-444553540000\" height=\"425\" width=\"700\"><param value=\"http:\/\/ws.amazon.com\/widgets\/q?ServiceVersion=20070822&amp;MarketPlace=US&amp;ID=V20070822%2FUS%2Fposertime-20%2F8007%2F564ba47f-42f6-4362-9b8a-a6dc5e9fbe09&amp;Operation=GetDisplayTemplate\" name=\"movie\"><\/param><param value=\"high\" name=\"quality\"><\/param><param value=\"#FFFFFF\" name=\"bgcolor\"><\/param><param value=\"always\" name=\"allowscriptaccess\"><\/param><\/object><noscript><\/noscript><\/p>","protected":false},"excerpt":{"rendered":"<p>W internecie u\u017cywam nicku magbag. Imi? &#8211; Magdalena Nazwisko &#8211; Wysocka NIP, PESEL tudzie\u017c inne dane &#8211; udost\u0119pniane na \u017c\u0105danie upowa\u017cnionych organ\u00f3w Jestem jaka jestem &#8211; i prawdopodobnie ten stan rzeczy nie ulegnie zmianie. Po \u015bwiecie pa\u0142\u0119tam si\u0119 ju\u017c dosy\u0107 d\u0142ugo &#8211; konsekwentnie pope\u0142niaj\u0105c te same b\u0142\u0119dy wbrew zasadzie m\u0105dry Polak po szkodzie. To nie [&hellip;]<\/p>","protected":false},"author":3,"featured_media":0,"parent":0,"menu_order":0,"comment_status":"open","ping_status":"open","template":"","meta":{"sfsi_plus_gutenberg_text_before_share":"","sfsi_plus_gutenberg_show_text_before_share":"","sfsi_plus_gutenberg_icon_type":"","sfsi_plus_gutenberg_icon_alignemt":"","sfsi_plus_gutenburg_max_per_row":"","site-sidebar-layout":"default","site-content-layout":"","ast-site-content-layout":"","site-content-style":"default","site-sidebar-style":"default","ast-global-header-display":"","ast-banner-title-visibility":"","ast-main-header-display":"","ast-hfb-above-header-display":"","ast-hfb-below-header-display":"","ast-hfb-mobile-header-display":"","site-post-title":"","ast-breadcrumbs-content":"","ast-featured-img":"","footer-sml-layout":"","theme-transparent-header-meta":"","adv-header-id-meta":"","stick-header-meta":"","header-above-stick-meta":"","header-main-stick-meta":"","header-below-stick-meta":"","astra-migrate-meta-layouts":"default","ast-page-background-enabled":"default","ast-page-background-meta":{"desktop":{"background-color":"var(--ast-global-color-4)","background-image":"","background-repeat":"repeat","background-position":"center center","background-size":"auto","background-attachment":"scroll","background-type":"","background-media":"","overlay-type":"","overlay-color":"","overlay-opacity":"","overlay-gradient":""},"tablet":{"background-color":"","background-image":"","background-repeat":"repeat","background-position":"center center","background-size":"auto","background-attachment":"scroll","background-type":"","background-media":"","overlay-type":"","overlay-color":"","overlay-opacity":"","overlay-gradient":""},"mobile":{"background-color":"","background-image":"","background-repeat":"repeat","background-position":"center center","background-size":"auto","background-attachment":"scroll","background-type":"","background-media":"","overlay-type":"","overlay-color":"","overlay-opacity":"","overlay-gradient":""}},"ast-content-background-meta":{"desktop":{"background-color":"var(--ast-global-color-5)","background-image":"","background-repeat":"repeat","background-position":"center center","background-size":"auto","background-attachment":"scroll","background-type":"","background-media":"","overlay-type":"","overlay-color":"","overlay-opacity":"","overlay-gradient":""},"tablet":{"background-color":"var(--ast-global-color-5)","background-image":"","background-repeat":"repeat","background-position":"center center","background-size":"auto","background-attachment":"scroll","background-type":"","background-media":"","overlay-type":"","overlay-color":"","overlay-opacity":"","overlay-gradient":""},"mobile":{"background-color":"var(--ast-global-color-5)","background-image":"","background-repeat":"repeat","background-position":"center center","background-size":"auto","background-attachment":"scroll","background-type":"","background-media":"","overlay-type":"","overlay-color":"","overlay-opacity":"","overlay-gradient":""}},"ngg_post_thumbnail":0,"_jet_sm_ready_style":"","_jet_sm_style":"","_jet_sm_controls_values":"","_jet_sm_fonts_collection":"","_jet_sm_fonts_links":"","footnotes":""},"class_list":["post-4","page","type-page","status-publish","hentry"],"yoast_head":"<!-- This site is optimized with the Yoast SEO Premium plugin v20.2.1 (Yoast SEO v23.6) - https:\/\/yoast.com\/wordpress\/plugins\/seo\/ -->\n<title>O mnie - Blog Nie-Sys-Tematyczny<\/title>\n<meta name=\"robots\" content=\"index, follow, max-snippet:-1, max-image-preview:large, max-video-preview:-1\" \/>\n<link rel=\"canonical\" href=\"http:\/\/wysocka.info\/en\/o-mnie\/\" \/>\n<meta property=\"og:locale\" content=\"en_US\" \/>\n<meta property=\"og:type\" content=\"article\" \/>\n<meta property=\"og:title\" content=\"O mnie\" \/>\n<meta property=\"og:description\" content=\"W internecie u\u017cywam nicku magbag. Imi? &#8211; Magdalena Nazwisko &#8211; Wysocka NIP, PESEL tudzie\u017c inne dane &#8211; udost\u0119pniane na \u017c\u0105danie upowa\u017cnionych organ\u00f3w Jestem jaka jestem &#8211; i prawdopodobnie ten stan rzeczy nie ulegnie zmianie. Po \u015bwiecie pa\u0142\u0119tam si\u0119 ju\u017c dosy\u0107 d\u0142ugo &#8211; konsekwentnie pope\u0142niaj\u0105c te same b\u0142\u0119dy wbrew zasadzie m\u0105dry Polak po szkodzie. To nie [&hellip;]\" \/>\n<meta property=\"og:url\" content=\"http:\/\/wysocka.info\/en\/o-mnie\/\" \/>\n<meta property=\"og:site_name\" content=\"Blog Nie-Sys-Tematyczny\" \/>\n<meta property=\"article:modified_time\" content=\"2010-04-13T14:00:28+00:00\" \/>\n<meta property=\"og:image\" content=\"http:\/\/wysocka.info\/wp-content\/uploads\/2007\/06\/foto-7-400.jpg\" \/>\n<meta name=\"twitter:card\" content=\"summary_large_image\" \/>\n<meta name=\"twitter:label1\" content=\"Est. reading time\" \/>\n\t<meta name=\"twitter:data1\" content=\"4 minutes\" \/>\n<script type=\"application\/ld+json\" class=\"yoast-schema-graph\">{\"@context\":\"https:\/\/schema.org\",\"@graph\":[{\"@type\":\"WebPage\",\"@id\":\"http:\/\/wysocka.info\/en\/o-mnie\/\",\"url\":\"http:\/\/wysocka.info\/en\/o-mnie\/\",\"name\":\"O mnie - Blog Nie-Sys-Tematyczny\",\"isPartOf\":{\"@id\":\"https:\/\/wysocka.info\/#website\"},\"primaryImageOfPage\":{\"@id\":\"http:\/\/wysocka.info\/en\/o-mnie\/#primaryimage\"},\"image\":{\"@id\":\"http:\/\/wysocka.info\/en\/o-mnie\/#primaryimage\"},\"thumbnailUrl\":\"http:\/\/wysocka.info\/wp-content\/uploads\/2007\/06\/foto-7-400.jpg\",\"datePublished\":\"2007-05-17T03:38:09+00:00\",\"dateModified\":\"2010-04-13T14:00:28+00:00\",\"breadcrumb\":{\"@id\":\"http:\/\/wysocka.info\/en\/o-mnie\/#breadcrumb\"},\"inLanguage\":\"en-US\",\"potentialAction\":[{\"@type\":\"ReadAction\",\"target\":[\"http:\/\/wysocka.info\/en\/o-mnie\/\"]}]},{\"@type\":\"ImageObject\",\"inLanguage\":\"en-US\",\"@id\":\"http:\/\/wysocka.info\/en\/o-mnie\/#primaryimage\",\"url\":\"http:\/\/wysocka.info\/wp-content\/uploads\/2007\/06\/foto-7-400.jpg\",\"contentUrl\":\"http:\/\/wysocka.info\/wp-content\/uploads\/2007\/06\/foto-7-400.jpg\"},{\"@type\":\"BreadcrumbList\",\"@id\":\"http:\/\/wysocka.info\/en\/o-mnie\/#breadcrumb\",\"itemListElement\":[{\"@type\":\"ListItem\",\"position\":1,\"name\":\"Strona g\u0142\u00f3wna\",\"item\":\"https:\/\/wysocka.info\/\"},{\"@type\":\"ListItem\",\"position\":2,\"name\":\"O mnie\"}]},{\"@type\":\"WebSite\",\"@id\":\"https:\/\/wysocka.info\/#website\",\"url\":\"https:\/\/wysocka.info\/\",\"name\":\"Blog Nie-Sys-Tematyczny\",\"description\":\"Archiwalnie o wszystkim - aktualnie blog na temat WordPress - aktualno\u015bci, wtyczki, motywy tudzie\u017c inne przydasie WordPressowe\",\"publisher\":{\"@id\":\"https:\/\/wysocka.info\/#\/schema\/person\/9ce6b6bc22ed213126a6c632dd269add\"},\"potentialAction\":[{\"@type\":\"SearchAction\",\"target\":{\"@type\":\"EntryPoint\",\"urlTemplate\":\"https:\/\/wysocka.info\/?s={search_term_string}\"},\"query-input\":{\"@type\":\"PropertyValueSpecification\",\"valueRequired\":true,\"valueName\":\"search_term_string\"}}],\"inLanguage\":\"en-US\"},{\"@type\":[\"Person\",\"Organization\"],\"@id\":\"https:\/\/wysocka.info\/#\/schema\/person\/9ce6b6bc22ed213126a6c632dd269add\",\"name\":\"Magdalena Wysocka\",\"image\":{\"@type\":\"ImageObject\",\"inLanguage\":\"en-US\",\"@id\":\"https:\/\/wysocka.info\/#\/schema\/person\/image\/\",\"url\":\"https:\/\/wysocka.info\/wp-content\/uploads\/2023\/01\/niesystematyczny-1.png\",\"contentUrl\":\"https:\/\/wysocka.info\/wp-content\/uploads\/2023\/01\/niesystematyczny-1.png\",\"width\":640,\"height\":129,\"caption\":\"Magdalena Wysocka\"},\"logo\":{\"@id\":\"https:\/\/wysocka.info\/#\/schema\/person\/image\/\"}}]}<\/script>\n<!-- \/ Yoast SEO Premium plugin. -->","yoast_head_json":{"title":"O mnie - Blog Nie-Sys-Tematyczny","robots":{"index":"index","follow":"follow","max-snippet":"max-snippet:-1","max-image-preview":"max-image-preview:large","max-video-preview":"max-video-preview:-1"},"canonical":"http:\/\/wysocka.info\/en\/o-mnie\/","og_locale":"en_US","og_type":"article","og_title":"O mnie","og_description":"W internecie u\u017cywam nicku magbag. Imi? &#8211; Magdalena Nazwisko &#8211; Wysocka NIP, PESEL tudzie\u017c inne dane &#8211; udost\u0119pniane na \u017c\u0105danie upowa\u017cnionych organ\u00f3w Jestem jaka jestem &#8211; i prawdopodobnie ten stan rzeczy nie ulegnie zmianie. Po \u015bwiecie pa\u0142\u0119tam si\u0119 ju\u017c dosy\u0107 d\u0142ugo &#8211; konsekwentnie pope\u0142niaj\u0105c te same b\u0142\u0119dy wbrew zasadzie m\u0105dry Polak po szkodzie. To nie [&hellip;]","og_url":"http:\/\/wysocka.info\/en\/o-mnie\/","og_site_name":"Blog Nie-Sys-Tematyczny","article_modified_time":"2010-04-13T14:00:28+00:00","og_image":[{"url":"http:\/\/wysocka.info\/wp-content\/uploads\/2007\/06\/foto-7-400.jpg"}],"twitter_card":"summary_large_image","twitter_misc":{"Est. reading time":"4 minutes"},"schema":{"@context":"https:\/\/schema.org","@graph":[{"@type":"WebPage","@id":"http:\/\/wysocka.info\/en\/o-mnie\/","url":"http:\/\/wysocka.info\/en\/o-mnie\/","name":"O mnie - Blog Nie-Sys-Tematyczny","isPartOf":{"@id":"https:\/\/wysocka.info\/#website"},"primaryImageOfPage":{"@id":"http:\/\/wysocka.info\/en\/o-mnie\/#primaryimage"},"image":{"@id":"http:\/\/wysocka.info\/en\/o-mnie\/#primaryimage"},"thumbnailUrl":"http:\/\/wysocka.info\/wp-content\/uploads\/2007\/06\/foto-7-400.jpg","datePublished":"2007-05-17T03:38:09+00:00","dateModified":"2010-04-13T14:00:28+00:00","breadcrumb":{"@id":"http:\/\/wysocka.info\/en\/o-mnie\/#breadcrumb"},"inLanguage":"en-US","potentialAction":[{"@type":"ReadAction","target":["http:\/\/wysocka.info\/en\/o-mnie\/"]}]},{"@type":"ImageObject","inLanguage":"en-US","@id":"http:\/\/wysocka.info\/en\/o-mnie\/#primaryimage","url":"http:\/\/wysocka.info\/wp-content\/uploads\/2007\/06\/foto-7-400.jpg","contentUrl":"http:\/\/wysocka.info\/wp-content\/uploads\/2007\/06\/foto-7-400.jpg"},{"@type":"BreadcrumbList","@id":"http:\/\/wysocka.info\/en\/o-mnie\/#breadcrumb","itemListElement":[{"@type":"ListItem","position":1,"name":"Strona g\u0142\u00f3wna","item":"https:\/\/wysocka.info\/"},{"@type":"ListItem","position":2,"name":"O mnie"}]},{"@type":"WebSite","@id":"https:\/\/wysocka.info\/#website","url":"https:\/\/wysocka.info\/","name":"Blog Nie-Sys-Tematyczny","description":"Archiwalnie o wszystkim - aktualnie blog na temat WordPress - aktualno\u015bci, wtyczki, motywy tudzie\u017c inne przydasie WordPressowe","publisher":{"@id":"https:\/\/wysocka.info\/#\/schema\/person\/9ce6b6bc22ed213126a6c632dd269add"},"potentialAction":[{"@type":"SearchAction","target":{"@type":"EntryPoint","urlTemplate":"https:\/\/wysocka.info\/?s={search_term_string}"},"query-input":{"@type":"PropertyValueSpecification","valueRequired":true,"valueName":"search_term_string"}}],"inLanguage":"en-US"},{"@type":["Person","Organization"],"@id":"https:\/\/wysocka.info\/#\/schema\/person\/9ce6b6bc22ed213126a6c632dd269add","name":"Magdalena Wysocka","image":{"@type":"ImageObject","inLanguage":"en-US","@id":"https:\/\/wysocka.info\/#\/schema\/person\/image\/","url":"https:\/\/wysocka.info\/wp-content\/uploads\/2023\/01\/niesystematyczny-1.png","contentUrl":"https:\/\/wysocka.info\/wp-content\/uploads\/2023\/01\/niesystematyczny-1.png","width":640,"height":129,"caption":"Magdalena Wysocka"},"logo":{"@id":"https:\/\/wysocka.info\/#\/schema\/person\/image\/"}}]}},"jetpack_sharing_enabled":true,"jetpack_shortlink":"https:\/\/wp.me\/P9flr-4","_links":{"self":[{"href":"https:\/\/wysocka.info\/en\/wp-json\/wp\/v2\/pages\/4"}],"collection":[{"href":"https:\/\/wysocka.info\/en\/wp-json\/wp\/v2\/pages"}],"about":[{"href":"https:\/\/wysocka.info\/en\/wp-json\/wp\/v2\/types\/page"}],"author":[{"embeddable":true,"href":"https:\/\/wysocka.info\/en\/wp-json\/wp\/v2\/users\/3"}],"replies":[{"embeddable":true,"href":"https:\/\/wysocka.info\/en\/wp-json\/wp\/v2\/comments?post=4"}],"version-history":[{"count":2,"href":"https:\/\/wysocka.info\/en\/wp-json\/wp\/v2\/pages\/4\/revisions"}],"predecessor-version":[{"id":83,"href":"https:\/\/wysocka.info\/en\/wp-json\/wp\/v2\/pages\/4\/revisions\/83"}],"wp:attachment":[{"href":"https:\/\/wysocka.info\/en\/wp-json\/wp\/v2\/media?parent=4"}],"curies":[{"name":"wp","href":"https:\/\/api.w.org\/{rel}","templated":true}]}}